{"id":839,"date":"2025-01-13T16:19:45","date_gmt":"2025-01-13T16:19:45","guid":{"rendered":"https:\/\/taot.dk\/?page_id=839"},"modified":"2025-10-15T21:46:08","modified_gmt":"2025-10-15T21:46:08","slug":"ovartaci","status":"publish","type":"page","link":"https:\/\/taot.dk\/index.php\/ovartaci\/","title":{"rendered":"OVARTACI"},"content":{"rendered":"\n<figure class=\"wp-block-image size-full is-resized\"><img loading=\"lazy\" decoding=\"async\" width=\"2560\" height=\"1707\" src=\"https:\/\/taot.dk\/wp-content\/uploads\/2025\/01\/026A7938_Ovartaci_maikenkildegaard_2024_lysnet-scaled.jpg\" alt=\"\" class=\"wp-image-977\" style=\"width:1400px;height:auto\" srcset=\"https:\/\/taot.dk\/wp-content\/uploads\/2025\/01\/026A7938_Ovartaci_maikenkildegaard_2024_lysnet-scaled.jpg 2560w, https:\/\/taot.dk\/wp-content\/uploads\/2025\/01\/026A7938_Ovartaci_maikenkildegaard_2024_lysnet-300x200.jpg 300w, https:\/\/taot.dk\/wp-content\/uploads\/2025\/01\/026A7938_Ovartaci_maikenkildegaard_2024_lysnet-1024x683.jpg 1024w, https:\/\/taot.dk\/wp-content\/uploads\/2025\/01\/026A7938_Ovartaci_maikenkildegaard_2024_lysnet-768x512.jpg 768w, https:\/\/taot.dk\/wp-content\/uploads\/2025\/01\/026A7938_Ovartaci_maikenkildegaard_2024_lysnet-1536x1024.jpg 1536w, https:\/\/taot.dk\/wp-content\/uploads\/2025\/01\/026A7938_Ovartaci_maikenkildegaard_2024_lysnet-2048x1365.jpg 2048w\" sizes=\"auto, (max-width: 2560px) 100vw, 2560px\" \/><\/figure>\n\n\n\n<h2 class=\"wp-block-heading has-normal-font-size\">Kabaret Ovartaci<\/h2>\n\n\n\n<p>Med musik, dukker, magi scener og sange om den \u201dgale\u201d kunstner Overtaci, f\u00f8dt Louis Marcussen, indlagt fra 1932 til sin d\u00f8d 1985 p\u00e5 Psykiatriske Hospital, Risskov, i \u00c5rhus.<br>Forestillingen spejler Ovartacis mange fort\u00e6llinger og kunstneriske v\u00e6rker: dukker, malerier, ryge fantomer og dr\u00f8mmen om at flyve helikopter, underst\u00f8ttet af samtiden argentinske tango, som pr\u00e6gede dansk musik, som Ovartaci lytte til. Tematisk handler det om balancen kunst og galskab eller irrationalitet som to former for t\u00e6nkning som pr\u00e6ger Ovartacis kunst.<br>Forestillingen er i skabelsesproces og et samarbejde mellem Erik Exe Christoffersen, Dramaturgi, Teater Kosmos ved teater\/dukke instrukt\u00f8r Maria Lexa,&nbsp; The Art of Transformation ved skuespiller, sanger og kunstnerisk leder Lotte Arnsbjerg og komponist og musiker Carman Moore (NYC).<\/p>\n\n\n\n<div style=\"height:57px\" aria-hidden=\"true\" class=\"wp-block-spacer\"><\/div>\n\n\n\n<figure class=\"wp-block-gallery has-nested-images columns-default is-cropped wp-block-gallery-1 is-layout-flex wp-block-gallery-is-layout-flex\">\n<figure class=\"wp-block-image size-large\"><img loading=\"lazy\" decoding=\"async\" width=\"1024\" height=\"683\" data-id=\"962\" src=\"https:\/\/taot.dk\/wp-content\/uploads\/2025\/01\/026A7748_Ovartaci_maikenkildegaard_2024-1024x683.jpg\" alt=\"\" class=\"wp-image-962\" srcset=\"https:\/\/taot.dk\/wp-content\/uploads\/2025\/01\/026A7748_Ovartaci_maikenkildegaard_2024-1024x683.jpg 1024w, https:\/\/taot.dk\/wp-content\/uploads\/2025\/01\/026A7748_Ovartaci_maikenkildegaard_2024-300x200.jpg 300w, https:\/\/taot.dk\/wp-content\/uploads\/2025\/01\/026A7748_Ovartaci_maikenkildegaard_2024-768x512.jpg 768w, https:\/\/taot.dk\/wp-content\/uploads\/2025\/01\/026A7748_Ovartaci_maikenkildegaard_2024-1536x1024.jpg 1536w, https:\/\/taot.dk\/wp-content\/uploads\/2025\/01\/026A7748_Ovartaci_maikenkildegaard_2024-2048x1365.jpg 2048w\" sizes=\"auto, (max-width: 1024px) 100vw, 1024px\" \/><\/figure>\n\n\n\n<figure class=\"wp-block-image size-large\"><img loading=\"lazy\" decoding=\"async\" width=\"1024\" height=\"683\" data-id=\"959\" src=\"https:\/\/taot.dk\/wp-content\/uploads\/2025\/01\/026A7915_Ovartaci_maikenkildegaard_2024-1024x683.jpg\" alt=\"\" class=\"wp-image-959\" srcset=\"https:\/\/taot.dk\/wp-content\/uploads\/2025\/01\/026A7915_Ovartaci_maikenkildegaard_2024-1024x683.jpg 1024w, https:\/\/taot.dk\/wp-content\/uploads\/2025\/01\/026A7915_Ovartaci_maikenkildegaard_2024-300x200.jpg 300w, https:\/\/taot.dk\/wp-content\/uploads\/2025\/01\/026A7915_Ovartaci_maikenkildegaard_2024-768x512.jpg 768w, https:\/\/taot.dk\/wp-content\/uploads\/2025\/01\/026A7915_Ovartaci_maikenkildegaard_2024-1536x1024.jpg 1536w, https:\/\/taot.dk\/wp-content\/uploads\/2025\/01\/026A7915_Ovartaci_maikenkildegaard_2024-2048x1365.jpg 2048w\" sizes=\"auto, (max-width: 1024px) 100vw, 1024px\" \/><\/figure>\n\n\n\n<figure class=\"wp-block-image size-large\"><img loading=\"lazy\" decoding=\"async\" width=\"1024\" height=\"704\" data-id=\"960\" src=\"https:\/\/taot.dk\/wp-content\/uploads\/2025\/01\/026A7567_Ovartaci_maikenkildegaard_2024-1024x704.jpg\" alt=\"\" class=\"wp-image-960\" srcset=\"https:\/\/taot.dk\/wp-content\/uploads\/2025\/01\/026A7567_Ovartaci_maikenkildegaard_2024-1024x704.jpg 1024w, https:\/\/taot.dk\/wp-content\/uploads\/2025\/01\/026A7567_Ovartaci_maikenkildegaard_2024-300x206.jpg 300w, https:\/\/taot.dk\/wp-content\/uploads\/2025\/01\/026A7567_Ovartaci_maikenkildegaard_2024-768x528.jpg 768w, https:\/\/taot.dk\/wp-content\/uploads\/2025\/01\/026A7567_Ovartaci_maikenkildegaard_2024-1536x1055.jpg 1536w, https:\/\/taot.dk\/wp-content\/uploads\/2025\/01\/026A7567_Ovartaci_maikenkildegaard_2024-2048x1407.jpg 2048w\" sizes=\"auto, (max-width: 1024px) 100vw, 1024px\" \/><\/figure>\n\n\n\n<figure class=\"wp-block-image size-large\"><img loading=\"lazy\" decoding=\"async\" width=\"1024\" height=\"701\" data-id=\"973\" src=\"https:\/\/taot.dk\/wp-content\/uploads\/2025\/01\/026A7500_Ovartaci_maikenkildegaard_2024_cropped_lysnet-1024x701.jpg\" alt=\"\" class=\"wp-image-973\" srcset=\"https:\/\/taot.dk\/wp-content\/uploads\/2025\/01\/026A7500_Ovartaci_maikenkildegaard_2024_cropped_lysnet-1024x701.jpg 1024w, https:\/\/taot.dk\/wp-content\/uploads\/2025\/01\/026A7500_Ovartaci_maikenkildegaard_2024_cropped_lysnet-300x205.jpg 300w, https:\/\/taot.dk\/wp-content\/uploads\/2025\/01\/026A7500_Ovartaci_maikenkildegaard_2024_cropped_lysnet-768x526.jpg 768w, https:\/\/taot.dk\/wp-content\/uploads\/2025\/01\/026A7500_Ovartaci_maikenkildegaard_2024_cropped_lysnet-1536x1052.jpg 1536w, https:\/\/taot.dk\/wp-content\/uploads\/2025\/01\/026A7500_Ovartaci_maikenkildegaard_2024_cropped_lysnet-2048x1402.jpg 2048w\" sizes=\"auto, (max-width: 1024px) 100vw, 1024px\" \/><\/figure>\n\n\n\n<figure class=\"wp-block-image size-large\"><img loading=\"lazy\" decoding=\"async\" width=\"1024\" height=\"683\" data-id=\"974\" src=\"https:\/\/taot.dk\/wp-content\/uploads\/2025\/01\/026A7640_Ovartaci_maikenkildegaard_2024-1024x683.jpg\" alt=\"\" class=\"wp-image-974\" srcset=\"https:\/\/taot.dk\/wp-content\/uploads\/2025\/01\/026A7640_Ovartaci_maikenkildegaard_2024-1024x683.jpg 1024w, https:\/\/taot.dk\/wp-content\/uploads\/2025\/01\/026A7640_Ovartaci_maikenkildegaard_2024-300x200.jpg 300w, https:\/\/taot.dk\/wp-content\/uploads\/2025\/01\/026A7640_Ovartaci_maikenkildegaard_2024-768x512.jpg 768w, https:\/\/taot.dk\/wp-content\/uploads\/2025\/01\/026A7640_Ovartaci_maikenkildegaard_2024-1536x1024.jpg 1536w, https:\/\/taot.dk\/wp-content\/uploads\/2025\/01\/026A7640_Ovartaci_maikenkildegaard_2024-2048x1365.jpg 2048w\" sizes=\"auto, (max-width: 1024px) 100vw, 1024px\" \/><\/figure>\n\n\n\n<figure class=\"wp-block-image size-large\"><img loading=\"lazy\" decoding=\"async\" width=\"1024\" height=\"683\" data-id=\"967\" src=\"https:\/\/taot.dk\/wp-content\/uploads\/2025\/01\/026A7540_Ovartaci_maikenkildegaard_2024-1-1024x683.jpg\" alt=\"\" class=\"wp-image-967\" srcset=\"https:\/\/taot.dk\/wp-content\/uploads\/2025\/01\/026A7540_Ovartaci_maikenkildegaard_2024-1-1024x683.jpg 1024w, https:\/\/taot.dk\/wp-content\/uploads\/2025\/01\/026A7540_Ovartaci_maikenkildegaard_2024-1-300x200.jpg 300w, https:\/\/taot.dk\/wp-content\/uploads\/2025\/01\/026A7540_Ovartaci_maikenkildegaard_2024-1-768x512.jpg 768w, https:\/\/taot.dk\/wp-content\/uploads\/2025\/01\/026A7540_Ovartaci_maikenkildegaard_2024-1-1536x1024.jpg 1536w, https:\/\/taot.dk\/wp-content\/uploads\/2025\/01\/026A7540_Ovartaci_maikenkildegaard_2024-1-2048x1365.jpg 2048w\" sizes=\"auto, (max-width: 1024px) 100vw, 1024px\" \/><\/figure>\n\n\n\n<figure class=\"wp-block-image size-large\"><img loading=\"lazy\" decoding=\"async\" width=\"1024\" height=\"683\" data-id=\"988\" src=\"https:\/\/taot.dk\/wp-content\/uploads\/2025\/01\/026A7866_Ovartaci_maikenkildegaard_2024-1024x683.jpg\" alt=\"\" class=\"wp-image-988\" srcset=\"https:\/\/taot.dk\/wp-content\/uploads\/2025\/01\/026A7866_Ovartaci_maikenkildegaard_2024-1024x683.jpg 1024w, https:\/\/taot.dk\/wp-content\/uploads\/2025\/01\/026A7866_Ovartaci_maikenkildegaard_2024-300x200.jpg 300w, https:\/\/taot.dk\/wp-content\/uploads\/2025\/01\/026A7866_Ovartaci_maikenkildegaard_2024-768x512.jpg 768w, https:\/\/taot.dk\/wp-content\/uploads\/2025\/01\/026A7866_Ovartaci_maikenkildegaard_2024-1536x1024.jpg 1536w, https:\/\/taot.dk\/wp-content\/uploads\/2025\/01\/026A7866_Ovartaci_maikenkildegaard_2024-2048x1365.jpg 2048w\" sizes=\"auto, (max-width: 1024px) 100vw, 1024px\" \/><\/figure>\n\n\n\n<figure class=\"wp-block-image size-large\"><img loading=\"lazy\" decoding=\"async\" width=\"1024\" height=\"683\" data-id=\"976\" src=\"https:\/\/taot.dk\/wp-content\/uploads\/2025\/01\/026A7898_Ovartaci_maikenkildegaard_2024_lysnet-1024x683.jpg\" alt=\"\" class=\"wp-image-976\" srcset=\"https:\/\/taot.dk\/wp-content\/uploads\/2025\/01\/026A7898_Ovartaci_maikenkildegaard_2024_lysnet-1024x683.jpg 1024w, https:\/\/taot.dk\/wp-content\/uploads\/2025\/01\/026A7898_Ovartaci_maikenkildegaard_2024_lysnet-300x200.jpg 300w, https:\/\/taot.dk\/wp-content\/uploads\/2025\/01\/026A7898_Ovartaci_maikenkildegaard_2024_lysnet-768x512.jpg 768w, https:\/\/taot.dk\/wp-content\/uploads\/2025\/01\/026A7898_Ovartaci_maikenkildegaard_2024_lysnet-1536x1024.jpg 1536w, https:\/\/taot.dk\/wp-content\/uploads\/2025\/01\/026A7898_Ovartaci_maikenkildegaard_2024_lysnet-2048x1365.jpg 2048w\" sizes=\"auto, (max-width: 1024px) 100vw, 1024px\" \/><\/figure>\n\n\n\n<figure class=\"wp-block-image size-large\"><img loading=\"lazy\" decoding=\"async\" width=\"1024\" height=\"683\" data-id=\"975\" src=\"https:\/\/taot.dk\/wp-content\/uploads\/2025\/01\/026A7875_Ovartaci_maikenkildegaard_2024_lysnet-1024x683.jpg\" alt=\"\" class=\"wp-image-975\" srcset=\"https:\/\/taot.dk\/wp-content\/uploads\/2025\/01\/026A7875_Ovartaci_maikenkildegaard_2024_lysnet-1024x683.jpg 1024w, https:\/\/taot.dk\/wp-content\/uploads\/2025\/01\/026A7875_Ovartaci_maikenkildegaard_2024_lysnet-300x200.jpg 300w, https:\/\/taot.dk\/wp-content\/uploads\/2025\/01\/026A7875_Ovartaci_maikenkildegaard_2024_lysnet-768x512.jpg 768w, https:\/\/taot.dk\/wp-content\/uploads\/2025\/01\/026A7875_Ovartaci_maikenkildegaard_2024_lysnet-1536x1024.jpg 1536w, https:\/\/taot.dk\/wp-content\/uploads\/2025\/01\/026A7875_Ovartaci_maikenkildegaard_2024_lysnet-2048x1365.jpg 2048w\" sizes=\"auto, (max-width: 1024px) 100vw, 1024px\" \/><\/figure>\n<\/figure>\n\n\n\n<p>Foto: Maiken Kildegaard<\/p>\n\n\n\n<hr class=\"wp-block-separator has-alpha-channel-opacity\"\/>\n\n\n\n<p class=\"has-text-align-center\">MUSEUM OVARTACI <a href=\"https:\/\/www.ovartaci.dk\">hjemmeside<\/a><\/p>\n","protected":false},"excerpt":{"rendered":"<p>Kabaret Ovartaci Med musik, dukker, magi scener og sange om den \u201dgale\u201d kunstner Overtaci, f\u00f8dt Louis Marcussen, indlagt fra 1932 til sin d\u00f8d 1985 p\u00e5 Psykiatriske Hospital, Risskov, i \u00c5rhus.Forestillingen spejler Ovartacis mange fort\u00e6llinger og kunstneriske v\u00e6rker: dukker, malerier, ryge fantomer og dr\u00f8mmen om at flyve helikopter, underst\u00f8ttet af samtiden argentinske tango, som pr\u00e6gede dansk [&hellip;]<\/p>\n","protected":false},"author":1,"featured_media":0,"parent":0,"menu_order":0,"comment_status":"closed","ping_status":"closed","template":"","meta":{"footnotes":""},"class_list":["post-839","page","type-page","status-publish","hentry"],"_links":{"self":[{"href":"https:\/\/taot.dk\/index.php\/wp-json\/wp\/v2\/pages\/839","targetHints":{"allow":["GET"]}}],"collection":[{"href":"https:\/\/taot.dk\/index.php\/wp-json\/wp\/v2\/pages"}],"about":[{"href":"https:\/\/taot.dk\/index.php\/wp-json\/wp\/v2\/types\/page"}],"author":[{"embeddable":true,"href":"https:\/\/taot.dk\/index.php\/wp-json\/wp\/v2\/users\/1"}],"replies":[{"embeddable":true,"href":"https:\/\/taot.dk\/index.php\/wp-json\/wp\/v2\/comments?post=839"}],"version-history":[{"count":23,"href":"https:\/\/taot.dk\/index.php\/wp-json\/wp\/v2\/pages\/839\/revisions"}],"predecessor-version":[{"id":1801,"href":"https:\/\/taot.dk\/index.php\/wp-json\/wp\/v2\/pages\/839\/revisions\/1801"}],"wp:attachment":[{"href":"https:\/\/taot.dk\/index.php\/wp-json\/wp\/v2\/media?parent=839"}],"curies":[{"name":"wp","href":"https:\/\/api.w.org\/{rel}","templated":true}]}}