{"id":249,"date":"2024-02-03T14:55:40","date_gmt":"2024-02-03T14:55:40","guid":{"rendered":"https:\/\/taot.dk\/?page_id=249"},"modified":"2026-02-10T13:16:09","modified_gmt":"2026-02-10T13:16:09","slug":"presse","status":"publish","type":"page","link":"https:\/\/taot.dk\/index.php\/presse\/","title":{"rendered":"Presse"},"content":{"rendered":"\n<div class=\"wp-block-columns is-layout-flex wp-container-core-columns-is-layout-28f84493 wp-block-columns-is-layout-flex\">\n<div class=\"wp-block-column is-layout-flow wp-block-column-is-layout-flow\">\n<div class=\"wp-block-cover aligncenter\"><img loading=\"lazy\" decoding=\"async\" width=\"1024\" height=\"683\" class=\"wp-block-cover__image-background wp-image-889\" alt=\"\" src=\"https:\/\/taot.dk\/wp-content\/uploads\/2024\/02\/026A3665_Skaelver_rentemesterbiblo_2024_by_MaikenKildegaard-scaled-2-1024x683.jpg\" style=\"object-position:24% 7%\" data-object-fit=\"cover\" data-object-position=\"24% 7%\" srcset=\"https:\/\/taot.dk\/wp-content\/uploads\/2024\/02\/026A3665_Skaelver_rentemesterbiblo_2024_by_MaikenKildegaard-scaled-2-1024x683.jpg 1024w, https:\/\/taot.dk\/wp-content\/uploads\/2024\/02\/026A3665_Skaelver_rentemesterbiblo_2024_by_MaikenKildegaard-scaled-2-300x200.jpg 300w, https:\/\/taot.dk\/wp-content\/uploads\/2024\/02\/026A3665_Skaelver_rentemesterbiblo_2024_by_MaikenKildegaard-scaled-2-768x512.jpg 768w, https:\/\/taot.dk\/wp-content\/uploads\/2024\/02\/026A3665_Skaelver_rentemesterbiblo_2024_by_MaikenKildegaard-scaled-2-1536x1024.jpg 1536w, https:\/\/taot.dk\/wp-content\/uploads\/2024\/02\/026A3665_Skaelver_rentemesterbiblo_2024_by_MaikenKildegaard-scaled-2-2048x1366.jpg 2048w\" sizes=\"auto, (max-width: 1024px) 100vw, 1024px\" \/><span aria-hidden=\"true\" class=\"wp-block-cover__background has-background-dim\"><\/span><div class=\"wp-block-cover__inner-container is-layout-flow wp-block-cover-is-layout-flow\">\n<p class=\"has-text-align-center has-large-font-size\"><\/p>\n\n\n\n<figure class=\"wp-block-image aligncenter wp-duotone-foreground-and-background\"><a class=\"logo__link\" href=\"https:\/\/www.sn.dk\/art6428856\/broenshoej-husum\/kultur\/kunstsalon-om-saarbarhed-og-faellesskab-i-broenshoej-kulturhus\/\"><img decoding=\"async\" src=\"https:\/\/www.sn.dk\/wp-content\/themes\/sn\/assets\/dist\/img\/logo-sn.svg\" alt=\"Sj\u00e6lland\"\/><\/a><\/figure>\n\n\n\n<p class=\"has-text-align-center has-large-font-size\"><\/p>\n<\/div><\/div>\n<\/div>\n<\/div>\n\n\n\n<div class=\"wp-block-columns is-layout-flex wp-container-core-columns-is-layout-28f84493 wp-block-columns-is-layout-flex\">\n<div class=\"wp-block-column is-layout-flow wp-block-column-is-layout-flow\">\n<figure class=\"wp-block-image aligncenter size-full is-resized\"><a href=\"https:\/\/www.kristeligt-dagblad.dk\/kultur\/vil-du-vaere-offer-hele-livet-eller-et-levende-menneske-med-muligheder\" rel=\"https:\/\/www.kristeligt-dagblad.dk\/kultur\/vil-du-vaere-offer-hele-livet-eller-et-levende-menneske-med-muligheder\"><img loading=\"lazy\" decoding=\"async\" width=\"940\" height=\"529\" src=\"https:\/\/taot.dk\/wp-content\/uploads\/2024\/02\/20160531192223_0.jpg\" alt=\"\" class=\"wp-image-314\" style=\"width:673px;height:auto\" srcset=\"https:\/\/taot.dk\/wp-content\/uploads\/2024\/02\/20160531192223_0.jpg 940w, https:\/\/taot.dk\/wp-content\/uploads\/2024\/02\/20160531192223_0-300x169.jpg 300w, https:\/\/taot.dk\/wp-content\/uploads\/2024\/02\/20160531192223_0-768x432.jpg 768w\" sizes=\"auto, (max-width: 940px) 100vw, 940px\" \/><\/a><figcaption class=\"wp-element-caption\"><mark style=\"background-color:rgba(0, 0, 0, 0)\" class=\"has-inline-color has-foreground-color\">Kristeligt Dagblad portr\u00e6t interview<\/mark><\/figcaption><\/figure>\n\n\n\n<figure class=\"wp-block-image aligncenter size-full is-resized\"><a href=\"https:\/\/taot.dk\/wp-content\/uploads\/2026\/02\/artikel-danske-kommuner.pdf\"><img loading=\"lazy\" decoding=\"async\" width=\"1080\" height=\"1080\" src=\"https:\/\/taot.dk\/wp-content\/uploads\/2025\/10\/2-22.jpeg\" alt=\"\" class=\"wp-image-1764\" style=\"width:374px;height:auto\" srcset=\"https:\/\/taot.dk\/wp-content\/uploads\/2025\/10\/2-22.jpeg 1080w, https:\/\/taot.dk\/wp-content\/uploads\/2025\/10\/2-22-300x300.jpeg 300w, https:\/\/taot.dk\/wp-content\/uploads\/2025\/10\/2-22-1024x1024.jpeg 1024w, https:\/\/taot.dk\/wp-content\/uploads\/2025\/10\/2-22-150x150.jpeg 150w, https:\/\/taot.dk\/wp-content\/uploads\/2025\/10\/2-22-768x768.jpeg 768w\" sizes=\"auto, (max-width: 1080px) 100vw, 1080px\" \/><\/a><figcaption class=\"wp-element-caption\"><strong><mark style=\"background-color:rgba(0, 0, 0, 0)\" class=\"has-inline-color has-foreground-color\">Lars Carlsen<\/mark><\/strong><\/figcaption><\/figure>\n<\/div>\n\n\n\n<div class=\"wp-block-column is-layout-flow wp-block-column-is-layout-flow\">\n<figure class=\"wp-block-image aligncenter size-large is-resized\"><a href=\"https:\/\/www.sn.dk\/broenshoej-husum\/udforsk-med-sanser-i-den-gamle-skole\/\"><img loading=\"lazy\" decoding=\"async\" width=\"1024\" height=\"683\" src=\"https:\/\/taot.dk\/wp-content\/uploads\/2024\/02\/sckn1da6qalij1-nlqarpdjpf2e-1024x683.jpg\" alt=\"\" class=\"wp-image-285\" style=\"width:567px;height:auto\" srcset=\"https:\/\/taot.dk\/wp-content\/uploads\/2024\/02\/sckn1da6qalij1-nlqarpdjpf2e-1024x683.jpg 1024w, https:\/\/taot.dk\/wp-content\/uploads\/2024\/02\/sckn1da6qalij1-nlqarpdjpf2e-300x200.jpg 300w, https:\/\/taot.dk\/wp-content\/uploads\/2024\/02\/sckn1da6qalij1-nlqarpdjpf2e-768x512.jpg 768w, https:\/\/taot.dk\/wp-content\/uploads\/2024\/02\/sckn1da6qalij1-nlqarpdjpf2e-1536x1025.jpg 1536w, https:\/\/taot.dk\/wp-content\/uploads\/2024\/02\/sckn1da6qalij1-nlqarpdjpf2e.jpg 2048w\" sizes=\"auto, (max-width: 1024px) 100vw, 1024px\" \/><\/a><figcaption class=\"wp-element-caption\"><mark style=\"background-color:rgba(0, 0, 0, 0)\" class=\"has-inline-color has-foreground-color\">Sanseteket p\u00e5 Br\u00f8nsh\u00f8j Gamle Skole, artikel i SN<\/mark><\/figcaption><\/figure>\n\n\n\n<figure class=\"wp-block-image aligncenter size-large is-resized\"><a href=\"https:\/\/dsfdk.wpenginepowered.com\/wp-content\/uploads\/2025\/06\/sceneliv_2022__1.pdf\"><img loading=\"lazy\" decoding=\"async\" width=\"781\" height=\"1024\" src=\"https:\/\/taot.dk\/wp-content\/uploads\/2024\/02\/Skaermbillede-2024-02-03-kl.-17.05.12-781x1024.png\" alt=\"\" class=\"wp-image-275\" style=\"width:307px;height:auto\" srcset=\"https:\/\/taot.dk\/wp-content\/uploads\/2024\/02\/Skaermbillede-2024-02-03-kl.-17.05.12-781x1024.png 781w, https:\/\/taot.dk\/wp-content\/uploads\/2024\/02\/Skaermbillede-2024-02-03-kl.-17.05.12-229x300.png 229w, https:\/\/taot.dk\/wp-content\/uploads\/2024\/02\/Skaermbillede-2024-02-03-kl.-17.05.12-768x1006.png 768w, https:\/\/taot.dk\/wp-content\/uploads\/2024\/02\/Skaermbillede-2024-02-03-kl.-17.05.12-1172x1536.png 1172w, https:\/\/taot.dk\/wp-content\/uploads\/2024\/02\/Skaermbillede-2024-02-03-kl.-17.05.12-1563x2048.png 1563w, https:\/\/taot.dk\/wp-content\/uploads\/2024\/02\/Skaermbillede-2024-02-03-kl.-17.05.12.png 1804w\" sizes=\"auto, (max-width: 781px) 100vw, 781px\" \/><\/a><figcaption class=\"wp-element-caption\"><mark style=\"background-color:rgba(0, 0, 0, 0)\" class=\"has-inline-color has-foreground-color\">Omtale af TAoT send 22-25<\/mark><\/figcaption><\/figure>\n<\/div>\n<\/div>\n\n\n\n<div class=\"wp-block-columns is-layout-flex wp-container-core-columns-is-layout-28f84493 wp-block-columns-is-layout-flex\">\n<div class=\"wp-block-column is-layout-flow wp-block-column-is-layout-flow\">\n<figure class=\"wp-block-image aligncenter size-large is-resized\"><img loading=\"lazy\" decoding=\"async\" width=\"1024\" height=\"606\" src=\"https:\/\/taot.dk\/wp-content\/uploads\/2024\/02\/Skaermbillede-2024-02-07-kl.-14.35.35-1024x606.png\" alt=\"\" class=\"wp-image-452\" style=\"aspect-ratio:1.689819954626635;width:656px;height:auto\" srcset=\"https:\/\/taot.dk\/wp-content\/uploads\/2024\/02\/Skaermbillede-2024-02-07-kl.-14.35.35-1024x606.png 1024w, https:\/\/taot.dk\/wp-content\/uploads\/2024\/02\/Skaermbillede-2024-02-07-kl.-14.35.35-300x178.png 300w, https:\/\/taot.dk\/wp-content\/uploads\/2024\/02\/Skaermbillede-2024-02-07-kl.-14.35.35-768x455.png 768w, https:\/\/taot.dk\/wp-content\/uploads\/2024\/02\/Skaermbillede-2024-02-07-kl.-14.35.35-1536x909.png 1536w, https:\/\/taot.dk\/wp-content\/uploads\/2024\/02\/Skaermbillede-2024-02-07-kl.-14.35.35-2048x1212.png 2048w\" sizes=\"auto, (max-width: 1024px) 100vw, 1024px\" \/><figcaption class=\"wp-element-caption\"><mark style=\"background-color:rgba(0, 0, 0, 0)\" class=\"has-inline-color has-foreground-color\">Berlingske tidende portr\u00e6t interview<\/mark><\/figcaption><\/figure>\n\n\n\n<figure class=\"wp-block-image aligncenter size-large is-resized\"><a href=\"https:\/\/www.familiejournal.dk\/livshistorier\/jeg-tilgav-min-kraenker\"><img loading=\"lazy\" decoding=\"async\" width=\"1425\" height=\"1069\" src=\"https:\/\/taot.dk\/wp-content\/uploads\/2026\/02\/arnsbjerg.jpg-edited.webp\" alt=\"\" class=\"wp-image-1995\" style=\"aspect-ratio:1.3330518442561148;width:557px;height:auto\" srcset=\"https:\/\/taot.dk\/wp-content\/uploads\/2026\/02\/arnsbjerg.jpg-edited.webp 1425w, https:\/\/taot.dk\/wp-content\/uploads\/2026\/02\/arnsbjerg.jpg-edited-300x225.webp 300w, https:\/\/taot.dk\/wp-content\/uploads\/2026\/02\/arnsbjerg.jpg-edited-1024x768.webp 1024w, https:\/\/taot.dk\/wp-content\/uploads\/2026\/02\/arnsbjerg.jpg-edited-768x576.webp 768w\" sizes=\"auto, (max-width: 1425px) 100vw, 1425px\" \/><\/a><figcaption class=\"wp-element-caption\"><mark style=\"background-color:rgba(0, 0, 0, 0)\" class=\"has-inline-color has-foreground-color\">Familie Journalen portr\u00e6t interview<\/mark><\/figcaption><\/figure>\n<\/div>\n\n\n\n<div class=\"wp-block-column is-layout-flow wp-block-column-is-layout-flow\">\n<figure class=\"wp-block-embed is-type-video is-provider-youtube wp-block-embed-youtube wp-embed-aspect-16-9 wp-has-aspect-ratio\"><div class=\"wp-block-embed__wrapper\">\n<iframe loading=\"lazy\" title=\"Hospitalsradio: Lotte Arnsbjerg\" width=\"500\" height=\"281\" src=\"https:\/\/www.youtube.com\/embed\/V56oMYFGv28?feature=oembed\" frameborder=\"0\" allow=\"accelerometer; autoplay; clipboard-write; encrypted-media; gyroscope; picture-in-picture; web-share\" referrerpolicy=\"strict-origin-when-cross-origin\" allowfullscreen><\/iframe>\n<\/div><figcaption class=\"wp-element-caption\"><mark style=\"background-color:rgba(0, 0, 0, 0)\" class=\"has-inline-color has-foreground-color\">Hospitalsradionen, Lotte er med i udsendelsen fra hospitalsradioen<\/mark><\/figcaption><\/figure>\n\n\n\n<div style=\"height:30px\" aria-hidden=\"true\" class=\"wp-block-spacer\"><\/div>\n\n\n\n<figure class=\"wp-block-image size-large is-resized\"><a href=\"https:\/\/www.sn.dk\/art6428856\/broenshoej-husum\/kultur\/kunstsalon-om-saarbarhed-og-faellesskab-i-broenshoej-kulturhus\/\"><img loading=\"lazy\" decoding=\"async\" width=\"1290\" height=\"860\" src=\"https:\/\/taot.dk\/wp-content\/uploads\/2026\/02\/12-edited.jpeg\" alt=\"\" class=\"wp-image-1997\" style=\"aspect-ratio:1.5000339374193987;width:624px;height:auto\" srcset=\"https:\/\/taot.dk\/wp-content\/uploads\/2026\/02\/12-edited.jpeg 1290w, https:\/\/taot.dk\/wp-content\/uploads\/2026\/02\/12-edited-300x200.jpeg 300w, https:\/\/taot.dk\/wp-content\/uploads\/2026\/02\/12-edited-1024x683.jpeg 1024w, https:\/\/taot.dk\/wp-content\/uploads\/2026\/02\/12-edited-768x512.jpeg 768w\" sizes=\"auto, (max-width: 1290px) 100vw, 1290px\" \/><\/a><figcaption class=\"wp-element-caption\"><mark style=\"background-color:rgba(0, 0, 0, 0)\" class=\"has-inline-color has-foreground-color\">Kunstsalon om s\u00e5rbarhed og f\u00e6llesskab i Br\u00f8nsh\u00f8j Kulturhus. SJ\u00c6LLANDSKE MEDIER<\/mark><\/figcaption><\/figure>\n<\/div>\n<\/div>\n\n\n\n<div class=\"wp-block-columns is-layout-flex wp-container-core-columns-is-layout-28f84493 wp-block-columns-is-layout-flex\">\n<div class=\"wp-block-column is-layout-flow wp-block-column-is-layout-flow\"><\/div>\n\n\n\n<div class=\"wp-block-column is-layout-flow wp-block-column-is-layout-flow\"><\/div>\n<\/div>\n\n\n\n<div class=\"wp-block-columns is-layout-flex wp-container-core-columns-is-layout-28f84493 wp-block-columns-is-layout-flex\">\n<div class=\"wp-block-column is-layout-flow wp-block-column-is-layout-flow\"><\/div>\n\n\n\n<div class=\"wp-block-column is-layout-flow wp-block-column-is-layout-flow\"><\/div>\n<\/div>\n\n\n\n<p><\/p>\n","protected":false},"excerpt":{"rendered":"","protected":false},"author":1,"featured_media":0,"parent":0,"menu_order":0,"comment_status":"closed","ping_status":"closed","template":"","meta":{"footnotes":""},"class_list":["post-249","page","type-page","status-publish","hentry"],"_links":{"self":[{"href":"https:\/\/taot.dk\/index.php\/wp-json\/wp\/v2\/pages\/249","targetHints":{"allow":["GET"]}}],"collection":[{"href":"https:\/\/taot.dk\/index.php\/wp-json\/wp\/v2\/pages"}],"about":[{"href":"https:\/\/taot.dk\/index.php\/wp-json\/wp\/v2\/types\/page"}],"author":[{"embeddable":true,"href":"https:\/\/taot.dk\/index.php\/wp-json\/wp\/v2\/users\/1"}],"replies":[{"embeddable":true,"href":"https:\/\/taot.dk\/index.php\/wp-json\/wp\/v2\/comments?post=249"}],"version-history":[{"count":62,"href":"https:\/\/taot.dk\/index.php\/wp-json\/wp\/v2\/pages\/249\/revisions"}],"predecessor-version":[{"id":2002,"href":"https:\/\/taot.dk\/index.php\/wp-json\/wp\/v2\/pages\/249\/revisions\/2002"}],"wp:attachment":[{"href":"https:\/\/taot.dk\/index.php\/wp-json\/wp\/v2\/media?parent=249"}],"curies":[{"name":"wp","href":"https:\/\/api.w.org\/{rel}","templated":true}]}}